{"id":959,"date":"2022-08-11T15:05:08","date_gmt":"2022-08-11T20:05:08","guid":{"rendered":"https:\/\/test.hito.com.mx\/?page_id=959"},"modified":"2022-11-15T13:20:46","modified_gmt":"2022-11-15T19:20:46","slug":"press-news","status":"publish","type":"page","link":"https:\/\/www.hito.com.mx\/en\/prensa-noticias\/","title":{"rendered":"Press \/ News"},"content":{"rendered":"<div data-elementor-type=\"wp-page\" data-elementor-id=\"959\" class=\"elementor elementor-959\" data-elementor-post-type=\"page\">\n\t\t\t\t\t\t<section class=\"elementor-section elementor-top-section elementor-element elementor-element-a84d730 elementor-section-height-min-height elementor-section-items-stretch elementor-section-content-middle elementor-section-full_width elementor-section-height-default elementor-invisible\" data-id=\"a84d730\" data-element_type=\"section\" data-e-type=\"section\" data-settings=\"{&quot;background_background&quot;:&quot;classic&quot;,&quot;animation&quot;:&quot;fadeIn&quot;}\">\n\t\t\t\t\t\t\t<div class=\"elementor-background-overlay\"><\/div>\n\t\t\t\t\t\t\t<div class=\"elementor-container elementor-column-gap-default\">\n\t\t\t\t\t<div class=\"elementor-column elementor-col-100 elementor-top-column elementor-element elementor-element-d1fd6b1\" data-id=\"d1fd6b1\" data-element_type=\"column\" data-e-type=\"column\">\n\t\t\t<div class=\"elementor-widget-wrap elementor-element-populated\">\n\t\t\t\t\t\t<div class=\"elementor-element elementor-element-5572ee5 animated-slow elementor-invisible elementor-widget elementor-widget-heading\" data-id=\"5572ee5\" data-element_type=\"widget\" data-e-type=\"widget\" data-settings=\"{&quot;_animation&quot;:&quot;fadeInUp&quot;,&quot;_animation_delay&quot;:200}\" data-widget_type=\"heading.default\">\n\t\t\t\t<div class=\"elementor-widget-container\">\n\t\t\t\t\t<h2 class=\"elementor-heading-title elementor-size-default\">Press \/ News<\/h2>\t\t\t\t<\/div>\n\t\t\t\t<\/div>\n\t\t\t\t\t<\/div>\n\t\t<\/div>\n\t\t\t\t\t<\/div>\n\t\t<\/section>\n\t\t\t\t<section class=\"elementor-section elementor-top-section elementor-element elementor-element-890f817 elementor-section-boxed elementor-section-height-default elementor-section-height-default\" data-id=\"890f817\" data-element_type=\"section\" data-e-type=\"section\">\n\t\t\t\t\t\t<div class=\"elementor-container elementor-column-gap-default\">\n\t\t\t\t\t<div class=\"elementor-column elementor-col-100 elementor-top-column elementor-element elementor-element-4f7a6ae\" data-id=\"4f7a6ae\" data-element_type=\"column\" data-e-type=\"column\">\n\t\t\t<div class=\"elementor-widget-wrap elementor-element-populated\">\n\t\t\t\t\t\t<div class=\"elementor-element elementor-element-e7bfb59 animated-slow elementor-invisible elementor-widget elementor-widget-heading\" data-id=\"e7bfb59\" data-element_type=\"widget\" data-e-type=\"widget\" data-settings=\"{&quot;_animation&quot;:&quot;fadeInUp&quot;}\" data-widget_type=\"heading.default\">\n\t\t\t\t<div class=\"elementor-widget-container\">\n\t\t\t\t\t<h2 class=\"elementor-heading-title elementor-size-default\">Mortgage Market News<\/h2>\t\t\t\t<\/div>\n\t\t\t\t<\/div>\n\t\t\t\t<div class=\"elementor-element elementor-element-a282f2f animated-slow elementor-widget-divider--view-line elementor-invisible elementor-widget elementor-widget-divider\" data-id=\"a282f2f\" data-element_type=\"widget\" data-e-type=\"widget\" data-settings=\"{&quot;_animation&quot;:&quot;fadeIn&quot;}\" data-widget_type=\"divider.default\">\n\t\t\t\t<div class=\"elementor-widget-container\">\n\t\t\t\t\t\t\t<div class=\"elementor-divider\">\n\t\t\t<span class=\"elementor-divider-separator\">\n\t\t\t\t\t\t<\/span>\n\t\t<\/div>\n\t\t\t\t\t\t<\/div>\n\t\t\t\t<\/div>\n\t\t\t\t<div class=\"elementor-element elementor-element-b3b0541 elementor-grid-2 animated-slow elementor-grid-tablet-2 elementor-grid-mobile-1 elementor-posts--thumbnail-top elementor-card-shadow-yes elementor-posts__hover-gradient elementor-invisible elementor-widget elementor-widget-posts\" data-id=\"b3b0541\" data-element_type=\"widget\" data-e-type=\"widget\" data-settings=\"{&quot;cards_row_gap&quot;:{&quot;unit&quot;:&quot;px&quot;,&quot;size&quot;:40,&quot;sizes&quot;:[]},&quot;cards_columns&quot;:&quot;2&quot;,&quot;_animation&quot;:&quot;fadeIn&quot;,&quot;pagination_type&quot;:&quot;load_more_infinite_scroll&quot;,&quot;cards_columns_tablet&quot;:&quot;2&quot;,&quot;cards_columns_mobile&quot;:&quot;1&quot;,&quot;cards_row_gap_tablet&quot;:{&quot;unit&quot;:&quot;px&quot;,&quot;size&quot;:&quot;&quot;,&quot;sizes&quot;:[]},&quot;cards_row_gap_mobile&quot;:{&quot;unit&quot;:&quot;px&quot;,&quot;size&quot;:&quot;&quot;,&quot;sizes&quot;:[]},&quot;load_more_spinner&quot;:{&quot;value&quot;:&quot;fas fa-spinner&quot;,&quot;library&quot;:&quot;fa-solid&quot;}}\" data-widget_type=\"posts.cards\">\n\t\t\t\t<div class=\"elementor-widget-container\">\n\t\t\t\t\t\t\t<div class=\"elementor-posts-container elementor-posts elementor-posts--skin-cards elementor-grid\" role=\"list\">\n\t\t\t\t<article class=\"elementor-post elementor-grid-item post-2282 post type-post status-publish format-standard has-post-thumbnail hentry category-uncategorized\" role=\"listitem\">\n\t\t\t<div class=\"elementor-post__card\">\n\t\t\t\t<a class=\"elementor-post__thumbnail__link\" href=\"https:\/\/www.hito.com.mx\/en\/fitch-ratings-otorga-a-hito-la-calificacion-mas-alta-como-administrador-maestro-de-activos-de-credito-en-mexico\/\" tabindex=\"-1\" ><div class=\"elementor-post__thumbnail\"><img fetchpriority=\"high\" decoding=\"async\" width=\"1200\" height=\"620\" src=\"https:\/\/www.hito.com.mx\/wp-content\/uploads\/2017\/08\/Foto-noticia-Fitch.jpg\" class=\"attachment-full size-full wp-image-1783\" alt=\"\" srcset=\"https:\/\/www.hito.com.mx\/wp-content\/uploads\/2017\/08\/Foto-noticia-Fitch.jpg 1200w, https:\/\/www.hito.com.mx\/wp-content\/uploads\/2017\/08\/Foto-noticia-Fitch-300x155.jpg 300w, https:\/\/www.hito.com.mx\/wp-content\/uploads\/2017\/08\/Foto-noticia-Fitch-1024x529.jpg 1024w, https:\/\/www.hito.com.mx\/wp-content\/uploads\/2017\/08\/Foto-noticia-Fitch-768x397.jpg 768w, https:\/\/www.hito.com.mx\/wp-content\/uploads\/2017\/08\/Foto-noticia-Fitch-18x9.jpg 18w\" sizes=\"(max-width: 1200px) 100vw, 1200px\" \/><\/div><\/a>\n\t\t\t\t<div class=\"elementor-post__text\">\n\t\t\t\t<h3 class=\"elementor-post__title\">\n\t\t\t<a href=\"https:\/\/www.hito.com.mx\/en\/fitch-ratings-otorga-a-hito-la-calificacion-mas-alta-como-administrador-maestro-de-activos-de-credito-en-mexico\/\" >\n\t\t\t\tFitch Ratings Otorga A HiTO La Calificaci\u00f3n M\u00e1s Alta Como Administrador Maestro De Activos De Cr\u00e9dito En M\u00e9xico\t\t\t<\/a>\n\t\t<\/h3>\n\t\t\t\t<div class=\"elementor-post__excerpt\">\n\t\t\t<p>Fitch Ratings ratific\u00f3 la calificaci\u00f3n como administrador maestro de activos financieros de cr\u00e9dito a Hito S.A.P.I. de C.V.<\/p>\t\t<\/div>\n\t\t\t\t\t<div class=\"elementor-post__read-more-wrapper\">\n\t\t\n\t\t<a class=\"elementor-post__read-more\" href=\"https:\/\/www.hito.com.mx\/en\/fitch-ratings-otorga-a-hito-la-calificacion-mas-alta-como-administrador-maestro-de-activos-de-credito-en-mexico\/\" aria-label=\"Read more about Fitch Ratings Otorga A HiTO La Calificaci\u00f3n M\u00e1s Alta Como Administrador Maestro De Activos De Cr\u00e9dito En M\u00e9xico\" tabindex=\"-1\" >\n\t\t\tREAD MORE \u00bb\t\t<\/a>\n\n\t\t\t\t\t<\/div>\n\t\t\t\t<\/div>\n\t\t\t\t<div class=\"elementor-post__meta-data\">\n\t\t\t\t\t<span class=\"elementor-post-date\">\n\t\t\t18\/01\/2024\t\t<\/span>\n\t\t\t\t<span class=\"elementor-post-time\">\n\t\t\t10:31\t\t<\/span>\n\t\t\t\t<\/div>\n\t\t\t\t\t<\/div>\n\t\t<\/article>\n\t\t\t\t<article class=\"elementor-post elementor-grid-item post-2276 post type-post status-publish format-standard has-post-thumbnail hentry category-uncategorized\" role=\"listitem\">\n\t\t\t<div class=\"elementor-post__card\">\n\t\t\t\t<a class=\"elementor-post__thumbnail__link\" href=\"https:\/\/www.hito.com.mx\/en\/hr-ratings-ratifica-a-hito-con-la-calificacion-hr-am1-por-segundo-ano-consecutivo\/\" tabindex=\"-1\" ><div class=\"elementor-post__thumbnail\"><img decoding=\"async\" width=\"2560\" height=\"1707\" src=\"https:\/\/www.hito.com.mx\/wp-content\/uploads\/2017\/08\/Foto-noticia-FOVISSSTE-scaled.jpg\" class=\"attachment-full size-full wp-image-1784\" alt=\"\" srcset=\"https:\/\/www.hito.com.mx\/wp-content\/uploads\/2017\/08\/Foto-noticia-FOVISSSTE-scaled.jpg 2560w, https:\/\/www.hito.com.mx\/wp-content\/uploads\/2017\/08\/Foto-noticia-FOVISSSTE-300x200.jpg 300w, https:\/\/www.hito.com.mx\/wp-content\/uploads\/2017\/08\/Foto-noticia-FOVISSSTE-1024x683.jpg 1024w, https:\/\/www.hito.com.mx\/wp-content\/uploads\/2017\/08\/Foto-noticia-FOVISSSTE-768x512.jpg 768w, https:\/\/www.hito.com.mx\/wp-content\/uploads\/2017\/08\/Foto-noticia-FOVISSSTE-1536x1024.jpg 1536w, https:\/\/www.hito.com.mx\/wp-content\/uploads\/2017\/08\/Foto-noticia-FOVISSSTE-2048x1365.jpg 2048w, https:\/\/www.hito.com.mx\/wp-content\/uploads\/2017\/08\/Foto-noticia-FOVISSSTE-18x12.jpg 18w\" sizes=\"(max-width: 2560px) 100vw, 2560px\" \/><\/div><\/a>\n\t\t\t\t<div class=\"elementor-post__text\">\n\t\t\t\t<h3 class=\"elementor-post__title\">\n\t\t\t<a href=\"https:\/\/www.hito.com.mx\/en\/hr-ratings-ratifica-a-hito-con-la-calificacion-hr-am1-por-segundo-ano-consecutivo\/\" >\n\t\t\t\tHR Ratings ratifica a HITO con la calificaci\u00f3n HR AM1 por segundo a\u00f1o consecutivo\t\t\t<\/a>\n\t\t<\/h3>\n\t\t\t\t<div class=\"elementor-post__excerpt\">\n\t\t\t<p>HR Ratings ratific\u00f3 la calificaci\u00f3n como administrador maestro de activos financieros de cr\u00e9dito a HiTO S.A.P.I. de C.V. Ver el documento&#8230;<\/p>\n\t\t<\/div>\n\t\t\t\t\t<div class=\"elementor-post__read-more-wrapper\">\n\t\t\n\t\t<a class=\"elementor-post__read-more\" href=\"https:\/\/www.hito.com.mx\/en\/hr-ratings-ratifica-a-hito-con-la-calificacion-hr-am1-por-segundo-ano-consecutivo\/\" aria-label=\"Read more about HR Ratings ratifica a HITO con la calificaci\u00f3n HR AM1 por segundo a\u00f1o consecutivo\" tabindex=\"-1\" >\n\t\t\tREAD MORE \u00bb\t\t<\/a>\n\n\t\t\t\t\t<\/div>\n\t\t\t\t<\/div>\n\t\t\t\t<div class=\"elementor-post__meta-data\">\n\t\t\t\t\t<span class=\"elementor-post-date\">\n\t\t\t18\/01\/2024\t\t<\/span>\n\t\t\t\t<span class=\"elementor-post-time\">\n\t\t\t10:07\t\t<\/span>\n\t\t\t\t<\/div>\n\t\t\t\t\t<\/div>\n\t\t<\/article>\n\t\t\t\t<\/div>\n\t\t\t\t\t<span class=\"e-load-more-spinner\">\n\t\t\t\t<i aria-hidden=\"true\" class=\"fas fa-spinner\"><\/i>\t\t\t<\/span>\n\t\t\n\t\t\t\t\t\t<\/div>\n\t\t\t\t<\/div>\n\t\t\t\t\t<\/div>\n\t\t<\/div>\n\t\t\t\t\t<\/div>\n\t\t<\/section>\n\t\t\t\t<\/div>","protected":false},"excerpt":{"rendered":"<p>PRENSA \/ NOTICIAS NOTICIAS DEL MERCADO HIPOTECARIO<\/p>","protected":false},"author":3,"featured_media":0,"parent":0,"menu_order":0,"comment_status":"closed","ping_status":"closed","template":"elementor_header_footer","meta":{"footnotes":""},"class_list":["post-959","page","type-page","status-publish","hentry"],"_links":{"self":[{"href":"https:\/\/www.hito.com.mx\/en\/wp-json\/wp\/v2\/pages\/959","targetHints":{"allow":["GET"]}}],"collection":[{"href":"https:\/\/www.hito.com.mx\/en\/wp-json\/wp\/v2\/pages"}],"about":[{"href":"https:\/\/www.hito.com.mx\/en\/wp-json\/wp\/v2\/types\/page"}],"author":[{"embeddable":true,"href":"https:\/\/www.hito.com.mx\/en\/wp-json\/wp\/v2\/users\/3"}],"replies":[{"embeddable":true,"href":"https:\/\/www.hito.com.mx\/en\/wp-json\/wp\/v2\/comments?post=959"}],"version-history":[{"count":69,"href":"https:\/\/www.hito.com.mx\/en\/wp-json\/wp\/v2\/pages\/959\/revisions"}],"predecessor-version":[{"id":1998,"href":"https:\/\/www.hito.com.mx\/en\/wp-json\/wp\/v2\/pages\/959\/revisions\/1998"}],"wp:attachment":[{"href":"https:\/\/www.hito.com.mx\/en\/wp-json\/wp\/v2\/media?parent=959"}],"curies":[{"name":"wp","href":"https:\/\/api.w.org\/{rel}","templated":true}]}}