{"id":1788,"date":"2022-09-12T11:27:42","date_gmt":"2022-09-12T16:27:42","guid":{"rendered":"https:\/\/test.hito.com.mx\/?page_id=1788"},"modified":"2022-11-15T13:22:03","modified_gmt":"2022-11-15T19:22:03","slug":"information-securitypolicy","status":"publish","type":"page","link":"https:\/\/www.hito.com.mx\/en\/politica-de-seguridad-de-la-informacion\/","title":{"rendered":"Information Security Policy"},"content":{"rendered":"<div data-elementor-type=\"wp-page\" data-elementor-id=\"1788\" class=\"elementor elementor-1788\" data-elementor-post-type=\"page\">\n\t\t\t\t\t\t<section class=\"elementor-section elementor-top-section elementor-element elementor-element-ca93cf1 elementor-section-height-min-height elementor-section-items-stretch elementor-section-content-middle elementor-section-full_width elementor-section-height-default elementor-invisible\" data-id=\"ca93cf1\" data-element_type=\"section\" data-e-type=\"section\" data-settings=\"{&quot;background_background&quot;:&quot;classic&quot;,&quot;animation&quot;:&quot;fadeIn&quot;}\">\n\t\t\t\t\t\t\t<div class=\"elementor-background-overlay\"><\/div>\n\t\t\t\t\t\t\t<div class=\"elementor-container elementor-column-gap-default\">\n\t\t\t\t\t<div class=\"elementor-column elementor-col-100 elementor-top-column elementor-element elementor-element-9e6c112\" data-id=\"9e6c112\" data-element_type=\"column\" data-e-type=\"column\">\n\t\t\t<div class=\"elementor-widget-wrap elementor-element-populated\">\n\t\t\t\t\t\t<div class=\"elementor-element elementor-element-347428c animated-slow elementor-invisible elementor-widget elementor-widget-heading\" data-id=\"347428c\" data-element_type=\"widget\" data-e-type=\"widget\" data-settings=\"{&quot;_animation&quot;:&quot;fadeInUp&quot;,&quot;_animation_delay&quot;:200}\" data-widget_type=\"heading.default\">\n\t\t\t\t<div class=\"elementor-widget-container\">\n\t\t\t\t\t<h2 class=\"elementor-heading-title elementor-size-default\">Information Security Policy<\/h2>\t\t\t\t<\/div>\n\t\t\t\t<\/div>\n\t\t\t\t\t<\/div>\n\t\t<\/div>\n\t\t\t\t\t<\/div>\n\t\t<\/section>\n\t\t\t\t<section class=\"elementor-section elementor-top-section elementor-element elementor-element-902db80 elementor-section-boxed elementor-section-height-default elementor-section-height-default\" data-id=\"902db80\" data-element_type=\"section\" data-e-type=\"section\">\n\t\t\t\t\t\t<div class=\"elementor-container elementor-column-gap-default\">\n\t\t\t\t\t<div class=\"elementor-column elementor-col-100 elementor-top-column elementor-element elementor-element-7d8e969\" data-id=\"7d8e969\" data-element_type=\"column\" data-e-type=\"column\">\n\t\t\t<div class=\"elementor-widget-wrap elementor-element-populated\">\n\t\t\t\t\t\t<div class=\"elementor-element elementor-element-8888bc4 elementor-widget elementor-widget-text-editor\" data-id=\"8888bc4\" data-element_type=\"widget\" data-e-type=\"widget\" data-widget_type=\"text-editor.default\">\n\t\t\t\t<div class=\"elementor-widget-container\">\n\t\t\t\t\t\t\t\t\t<p>At HiTO, information is a fundamental asset that it uses to provides services and efficient decision making, which is why the Company has a clear commitment to protect its most significant properties as part of a strategy aimed at business continuity, risk management, and creating a culture that promotes security.<\/p><p>Conscious of current needs, HiTO has implemented an information security management system that identifies and minimizes risks of information being exposed, helps to reduce operating and financial costs, establishes a security culture, and ensures compliance with current legal, contractual, regulatory, and business requirements.<\/p><p>This system will be continuously improved to enhance the efficiency of processes related to information security.<\/p>\t\t\t\t\t\t\t\t<\/div>\n\t\t\t\t<\/div>\n\t\t\t\t\t<\/div>\n\t\t<\/div>\n\t\t\t\t\t<\/div>\n\t\t<\/section>\n\t\t\t\t<\/div>","protected":false},"excerpt":{"rendered":"<p>POL\u00cdTICA DE SEGURIDAD DE LA INFORMACI\u00d3N En HiTO la informaci\u00f3n es un activo fundamental para la prestaci\u00f3n de sus servicios y la toma de decisiones eficientes, raz\u00f3n por la cual existe este compromiso expreso de protecci\u00f3n de sus propiedades m\u00e1s significativas como parte de una estrategia orientada a la continuidad del negocio, la administraci\u00f3n de [&hellip;]<\/p>\n","protected":false},"author":3,"featured_media":0,"parent":0,"menu_order":0,"comment_status":"closed","ping_status":"closed","template":"elementor_header_footer","meta":{"footnotes":""},"class_list":["post-1788","page","type-page","status-publish","hentry"],"_links":{"self":[{"href":"https:\/\/www.hito.com.mx\/en\/wp-json\/wp\/v2\/pages\/1788","targetHints":{"allow":["GET"]}}],"collection":[{"href":"https:\/\/www.hito.com.mx\/en\/wp-json\/wp\/v2\/pages"}],"about":[{"href":"https:\/\/www.hito.com.mx\/en\/wp-json\/wp\/v2\/types\/page"}],"author":[{"embeddable":true,"href":"https:\/\/www.hito.com.mx\/en\/wp-json\/wp\/v2\/users\/3"}],"replies":[{"embeddable":true,"href":"https:\/\/www.hito.com.mx\/en\/wp-json\/wp\/v2\/comments?post=1788"}],"version-history":[{"count":5,"href":"https:\/\/www.hito.com.mx\/en\/wp-json\/wp\/v2\/pages\/1788\/revisions"}],"predecessor-version":[{"id":1999,"href":"https:\/\/www.hito.com.mx\/en\/wp-json\/wp\/v2\/pages\/1788\/revisions\/1999"}],"wp:attachment":[{"href":"https:\/\/www.hito.com.mx\/en\/wp-json\/wp\/v2\/media?parent=1788"}],"curies":[{"name":"wp","href":"https:\/\/api.w.org\/{rel}","templated":true}]}}